{"id":1108,"date":"2025-12-19T10:21:34","date_gmt":"2025-12-19T09:21:34","guid":{"rendered":"https:\/\/syntaco.artneo.pl\/produkt\/q8-f-exclusive-v-0w-30-4l\/"},"modified":"2026-03-28T08:32:48","modified_gmt":"2026-03-28T07:32:48","slug":"q8-f-exclusive-v-0w-30-4l","status":"publish","type":"product","link":"https:\/\/syntaco.pl\/sklep\/produkt\/q8-f-exclusive-v-0w-30-4l\/","title":{"rendered":"Q8 F Exclusive V 0W-30 &#8211; 4L"},"content":{"rendered":"<p>Q8 Formula Exclusive V 0W-30 to wyj\u0105tkowy olej silnikowy typu low SAPS, spe\u0142niaj\u0105cy normy VW 504.00\/507.00 i ACEA C3 2021. Produkt zapewnia doskona\u0142\u0105 ochron\u0119 przed zu\u017cyciem, zwi\u0119kszon\u0105 trwa\u0142o\u015b\u0107 i oszcz\u0119dno\u015b\u0107 paliwa.<br \/>\nQ8 Formula Exclusive V 0W-30 przeznaczony jest do silnik\u00f3w Euro 5 i 6 spe\u0142niaj\u0105cych normy VW 504.00\/507.00, Porsche C30 i ACEA C3 2021. Przeznaczony jest do samochod\u00f3w osobowych i pojazd\u00f3w u\u017cytkowych zasilanych benzyn\u0105 wolnoss\u0105c\u0105 lub turbodo\u0142adowan\u0105, LPG lub olejem nap\u0119dowym Euro Silniki Euro 5 i Euro 6 wymagaj\u0105ce oleju silnikowego o niskiej zawarto\u015bci SAPS.<br \/>\nCechy:<br \/>\n&#8211; Wyj\u0105tkowa ochrona silnika dzi\u0119ki stabilnej lepko\u015bci podczas ca\u0142kowitej eksploatacji oleju.<br \/>\n&#8211; Najlepsze w swojej klasie zabezpieczenie przed zu\u017cyciem, zapewniaj\u0105ce d\u0142ug\u0105 \u017cywotno\u015b\u0107 silnika.<br \/>\n&#8211; Doskona\u0142a stabilno\u015b\u0107 oksydacyjna<br \/>\n&#8211; Poprawa zu\u017cycia paliwa a\u017c do 1%.<br \/>\n&#8211; Doskona\u0142a ochrona katalizatora spalin i filtra cz\u0105stek sta\u0142ych.<br \/>\nSpecyfikacje i aprobaty:<br \/>\nACEA &#8211; C3<br \/>\nBMW &#8211; Longlife-04<br \/>\nBMW &#8211; Longlife-12 FE<br \/>\nPorsche &#8211; C30<br \/>\nVAG &#8211; VW 504.00<br \/>\nVAG &#8211; VW 507.00<\/p>\n","protected":false},"excerpt":{"rendered":"<p>Q8 Formula Exclusive V 0W-30 to wyj\u0105tkowy olej silnikowy typu low SAPS, spe\u0142niaj\u0105cy normy VW 504.00\/507.00 i ACEA C3 2021. Produkt zapewnia doskona\u0142\u0105 ochron\u0119 przed zu\u017cyciem, zwi\u0119kszon\u0105 trwa\u0142o\u015b\u0107 i oszcz\u0119dno\u015b\u0107 paliwa. Q8 Formula Exclusive V 0W-30 przeznaczony jest do silnik\u00f3w Euro 5 i 6 spe\u0142niaj\u0105cych normy VW 504.00\/507.00, Porsche C30 i ACEA C3 2021. Przeznaczony [&hellip;]<\/p>\n","protected":false},"featured_media":1107,"template":"","meta":{"_acf_changed":false},"product_brand":[49],"product_cat":[59],"product_tag":[],"class_list":{"0":"post-1108","1":"product","2":"type-product","3":"status-publish","4":"has-post-thumbnail","6":"product_brand-kuwait-petroleum-belgium-n-v-s-a","7":"product_cat-oleje-silnikowe","9":"first","10":"instock","11":"shipping-taxable","12":"purchasable","13":"product-type-simple"},"acf":[],"_links":{"self":[{"href":"https:\/\/syntaco.pl\/sklep\/wp-json\/wp\/v2\/product\/1108","targetHints":{"allow":["GET"]}}],"collection":[{"href":"https:\/\/syntaco.pl\/sklep\/wp-json\/wp\/v2\/product"}],"about":[{"href":"https:\/\/syntaco.pl\/sklep\/wp-json\/wp\/v2\/types\/product"}],"wp:featuredmedia":[{"embeddable":true,"href":"https:\/\/syntaco.pl\/sklep\/wp-json\/wp\/v2\/media\/1107"}],"wp:attachment":[{"href":"https:\/\/syntaco.pl\/sklep\/wp-json\/wp\/v2\/media?parent=1108"}],"wp:term":[{"taxonomy":"product_brand","embeddable":true,"href":"https:\/\/syntaco.pl\/sklep\/wp-json\/wp\/v2\/product_brand?post=1108"},{"taxonomy":"product_cat","embeddable":true,"href":"https:\/\/syntaco.pl\/sklep\/wp-json\/wp\/v2\/product_cat?post=1108"},{"taxonomy":"product_tag","embeddable":true,"href":"https:\/\/syntaco.pl\/sklep\/wp-json\/wp\/v2\/product_tag?post=1108"}],"curies":[{"name":"wp","href":"https:\/\/api.w.org\/{rel}","templated":true}]}}