{"id":1104,"date":"2025-12-19T10:21:31","date_gmt":"2025-12-19T09:21:31","guid":{"rendered":"https:\/\/syntaco.artneo.pl\/produkt\/q8-gear-oil-v-ld-75w-90-20l\/"},"modified":"2026-03-28T08:32:47","modified_gmt":"2026-03-28T07:32:47","slug":"q8-gear-oil-v-ld-75w-90-20l","status":"publish","type":"product","link":"https:\/\/syntaco.pl\/sklep\/produkt\/q8-gear-oil-v-ld-75w-90-20l\/","title":{"rendered":"Q8 Gear Oil V LD 75W-90 &#8211; 20L"},"content":{"rendered":"<p>Q8 Gear Oil V LD 75W-90 to doskona\u0142y w pe\u0142ni syntetyczny olej przek\u0142adniowy zapewniaj\u0105cy doskona\u0142e smarowanie w przek\u0142adniach o du\u017cym obci\u0105\u017ceniu. Ten produkt oferuje wiod\u0105c\u0105 w swojej klasie stabilno\u015b\u0107 termiczn\u0105 i w\u0142a\u015bciwo\u015bci oszcz\u0119dzania paliwa. Spe\u0142nia specyfikacj\u0119 API GL-4 i zosta\u0142 opracowany w celu spe\u0142nienia norm Volvo 97315, Volvo 97319 i MB 235.11 Q8 Gear Oil V LD 75W-90 jest specjalnie zaprojektowany do wysokoobci\u0105\u017conych przek\u0142adni wymagaj\u0105cych MB 235.11. Olej mo\u017ce by\u0107 r\u00f3wnie\u017c zalecany do wszystkich pojazd\u00f3w wymagaj\u0105cych oleju o lepko\u015bci 75W-90 oraz gdy producent zaleca specyfikacje API GL-4 lub MAN 341 Z4\/E3, ZF 02L i Volvo 97315\/97319.<br \/>\nW pe\u0142ni syntetyczna formu\u0142a zapewniaj\u0105ca ekstremaln\u0105 stabilno\u015b\u0107 termiczn\u0105.<br \/>\nZnakomita ochrona przed zu\u017cyciem i wyd\u0142u\u017ca \u017cywotno\u015b\u0107 komponent\u00f3w.<br \/>\nDoskona\u0142a ochrona przed rdz\u0105 i korozj\u0105.<br \/>\nDoskona\u0142a \u0142atwa zmiana bieg\u00f3w w niskich temperaturach i wyd\u0142u\u017cona \u017cywotno\u015b\u0107 sprz\u0119tu.<br \/>\nDoskona\u0142a ochrona przek\u0142adni w ci\u0119\u017ckich warunkach.<\/p>\n","protected":false},"excerpt":{"rendered":"<p>Q8 Gear Oil V LD 75W-90 to doskona\u0142y w pe\u0142ni syntetyczny olej przek\u0142adniowy zapewniaj\u0105cy doskona\u0142e smarowanie w przek\u0142adniach o du\u017cym obci\u0105\u017ceniu. Ten produkt oferuje wiod\u0105c\u0105 w swojej klasie stabilno\u015b\u0107 termiczn\u0105 i w\u0142a\u015bciwo\u015bci oszcz\u0119dzania paliwa. Spe\u0142nia specyfikacj\u0119 API GL-4 i zosta\u0142 opracowany w celu spe\u0142nienia norm Volvo 97315, Volvo 97319 i MB 235.11 Q8 Gear Oil [&hellip;]<\/p>\n","protected":false},"featured_media":1103,"template":"","meta":{"_acf_changed":false},"product_brand":[49],"product_cat":[36,30],"product_tag":[],"class_list":{"0":"post-1104","1":"product","2":"type-product","3":"status-publish","4":"has-post-thumbnail","6":"product_brand-kuwait-petroleum-belgium-n-v-s-a","7":"product_cat-oleje-przekladniowe","8":"product_cat-produkty","10":"first","11":"instock","12":"shipping-taxable","13":"purchasable","14":"product-type-simple"},"acf":[],"_links":{"self":[{"href":"https:\/\/syntaco.pl\/sklep\/wp-json\/wp\/v2\/product\/1104","targetHints":{"allow":["GET"]}}],"collection":[{"href":"https:\/\/syntaco.pl\/sklep\/wp-json\/wp\/v2\/product"}],"about":[{"href":"https:\/\/syntaco.pl\/sklep\/wp-json\/wp\/v2\/types\/product"}],"wp:featuredmedia":[{"embeddable":true,"href":"https:\/\/syntaco.pl\/sklep\/wp-json\/wp\/v2\/media\/1103"}],"wp:attachment":[{"href":"https:\/\/syntaco.pl\/sklep\/wp-json\/wp\/v2\/media?parent=1104"}],"wp:term":[{"taxonomy":"product_brand","embeddable":true,"href":"https:\/\/syntaco.pl\/sklep\/wp-json\/wp\/v2\/product_brand?post=1104"},{"taxonomy":"product_cat","embeddable":true,"href":"https:\/\/syntaco.pl\/sklep\/wp-json\/wp\/v2\/product_cat?post=1104"},{"taxonomy":"product_tag","embeddable":true,"href":"https:\/\/syntaco.pl\/sklep\/wp-json\/wp\/v2\/product_tag?post=1104"}],"curies":[{"name":"wp","href":"https:\/\/api.w.org\/{rel}","templated":true}]}}