{"id":1102,"date":"2025-12-19T10:21:30","date_gmt":"2025-12-19T09:21:30","guid":{"rendered":"https:\/\/syntaco.artneo.pl\/produkt\/q8-gear-oil-v-ld-75w-80-20l\/"},"modified":"2026-03-28T08:32:46","modified_gmt":"2026-03-28T07:32:46","slug":"q8-gear-oil-v-ld-75w-80-20l","status":"publish","type":"product","link":"https:\/\/syntaco.pl\/sklep\/produkt\/q8-gear-oil-v-ld-75w-80-20l\/","title":{"rendered":"Q8 Gear Oil V LD 75W-80 &#8211; 20L"},"content":{"rendered":"<p>Q8 Gear Oil V 75W-80 to najwy\u017cszej jako\u015bci syntetyczny olej przek\u0142adniowy, oferuj\u0105cy wyd\u0142u\u017cone okresy mi\u0119dzy wymianami oleju i najlepsze w swojej klasie osi\u0105gi w wymagaj\u0105cych warunkach. Produkt ten zapewnia \u0142atw\u0105 zmian\u0119 bieg\u00f3w i wyj\u0105tkow\u0105 ochron\u0119 w wysokich temperaturach dzi\u0119ki sta\u0142ej wytrzyma\u0142o\u015bci filmu olejowego. Niska charakterystyka lepko\u015bciowa optymalizuje wydajno\u015b\u0107 przek\u0142adni i oszcz\u0119dno\u015b\u0107 paliwa. Q8 Gear Oil V 75W-80 zosta\u0142 specjalnie zaprojektowany dla Volvo 97307 o d\u0142ugich okresach mi\u0119dzy wymianami oleju. Produkt ten spe\u0142nia wymagania wielu producent\u00f3w OEM i\/lub producent\u00f3w skrzy\u0144 bieg\u00f3w pojazd\u00f3w u\u017cytkowych, w tym MAN, ZF, DAF, IVECO, Eaton, Renault i Volvo.<br \/>\nDoskona\u0142a ochrona przed zu\u017cyciem i wyd\u0142u\u017cenie \u017cywotno\u015bci komponent\u00f3w.<br \/>\nDoskona\u0142a ochrona przed rdz\u0105 i korozj\u0105.<br \/>\nDoskona\u0142a \u0142atwo\u015b\u0107 zmiany bieg\u00f3w w niskich temperaturach i wyd\u0142u\u017cona \u017cywotno\u015b\u0107 sprz\u0119tu.<\/p>\n","protected":false},"excerpt":{"rendered":"<p>Q8 Gear Oil V 75W-80 to najwy\u017cszej jako\u015bci syntetyczny olej przek\u0142adniowy, oferuj\u0105cy wyd\u0142u\u017cone okresy mi\u0119dzy wymianami oleju i najlepsze w swojej klasie osi\u0105gi w wymagaj\u0105cych warunkach. Produkt ten zapewnia \u0142atw\u0105 zmian\u0119 bieg\u00f3w i wyj\u0105tkow\u0105 ochron\u0119 w wysokich temperaturach dzi\u0119ki sta\u0142ej wytrzyma\u0142o\u015bci filmu olejowego. Niska charakterystyka lepko\u015bciowa optymalizuje wydajno\u015b\u0107 przek\u0142adni i oszcz\u0119dno\u015b\u0107 paliwa. Q8 Gear Oil [&hellip;]<\/p>\n","protected":false},"featured_media":1101,"template":"","meta":{"_acf_changed":false},"product_brand":[49],"product_cat":[36,30],"product_tag":[],"class_list":{"0":"post-1102","1":"product","2":"type-product","3":"status-publish","4":"has-post-thumbnail","6":"product_brand-kuwait-petroleum-belgium-n-v-s-a","7":"product_cat-oleje-przekladniowe","8":"product_cat-produkty","10":"first","11":"instock","12":"shipping-taxable","13":"purchasable","14":"product-type-simple"},"acf":[],"_links":{"self":[{"href":"https:\/\/syntaco.pl\/sklep\/wp-json\/wp\/v2\/product\/1102","targetHints":{"allow":["GET"]}}],"collection":[{"href":"https:\/\/syntaco.pl\/sklep\/wp-json\/wp\/v2\/product"}],"about":[{"href":"https:\/\/syntaco.pl\/sklep\/wp-json\/wp\/v2\/types\/product"}],"wp:featuredmedia":[{"embeddable":true,"href":"https:\/\/syntaco.pl\/sklep\/wp-json\/wp\/v2\/media\/1101"}],"wp:attachment":[{"href":"https:\/\/syntaco.pl\/sklep\/wp-json\/wp\/v2\/media?parent=1102"}],"wp:term":[{"taxonomy":"product_brand","embeddable":true,"href":"https:\/\/syntaco.pl\/sklep\/wp-json\/wp\/v2\/product_brand?post=1102"},{"taxonomy":"product_cat","embeddable":true,"href":"https:\/\/syntaco.pl\/sklep\/wp-json\/wp\/v2\/product_cat?post=1102"},{"taxonomy":"product_tag","embeddable":true,"href":"https:\/\/syntaco.pl\/sklep\/wp-json\/wp\/v2\/product_tag?post=1102"}],"curies":[{"name":"wp","href":"https:\/\/api.w.org\/{rel}","templated":true}]}}