{"id":1096,"date":"2025-12-19T10:21:26","date_gmt":"2025-12-19T09:21:26","guid":{"rendered":"https:\/\/syntaco.artneo.pl\/produkt\/q8-f-v-blue-0w-20-vw-508-509-20l\/"},"modified":"2026-04-15T09:43:04","modified_gmt":"2026-04-15T07:43:04","slug":"q8-f-v-blue-0w-20-vw-508-509-20l","status":"publish","type":"product","link":"https:\/\/syntaco.pl\/sklep\/produkt\/q8-f-v-blue-0w-20-vw-508-509-20l\/","title":{"rendered":"Q8 F V Blue 0W-20 VW 508\/509 &#8211; 20L"},"content":{"rendered":"<p>Q8 Formula V Blue 0W-20 to syntetyczny wysokoparametrowy olej silnikowy do samochod\u00f3w osobowych. Spe\u0142nia wymagania: VW 508.00\/509.00 i Porsche C2. Korzy\u015bci<br \/>\n\u2022\tZmniejszenie zu\u017cycia paliwa.<br \/>\n\u2022\tZnakomite osi\u0105gi silnika w r\u00f3\u017cnych warunkach jazdy.<br \/>\n\u2022\tZnakomita ochrona zimnego silnika.<br \/>\n\u2022\tWyd\u0142u\u017cony okres pomi\u0119dzy wymianami<br \/>\n\u2022\tDoskona\u0142a ochrona przed rdz\u0105 i korozj\u0105<br \/>\nSpecyfikacje i aprobaty: ACEA C5, VAG VW 508.00, VAG VW 509.00 Porsche C20<\/p>\n","protected":false},"excerpt":{"rendered":"<p>Q8 Formula V Blue 0W-20 to syntetyczny wysokoparametrowy olej silnikowy do samochod\u00f3w osobowych. Spe\u0142nia wymagania: VW 508.00\/509.00 i Porsche C2. Korzy\u015bci \u2022 Zmniejszenie zu\u017cycia paliwa. \u2022 Znakomite osi\u0105gi silnika w r\u00f3\u017cnych warunkach jazdy. \u2022 Znakomita ochrona zimnego silnika. \u2022 Wyd\u0142u\u017cony okres pomi\u0119dzy wymianami \u2022 Doskona\u0142a ochrona przed rdz\u0105 i korozj\u0105 Specyfikacje i aprobaty: ACEA C5, [&hellip;]<\/p>\n","protected":false},"featured_media":1095,"template":"","meta":{"_acf_changed":false},"product_brand":[49],"product_cat":[59],"product_tag":[],"class_list":{"0":"post-1096","1":"product","2":"type-product","3":"status-publish","4":"has-post-thumbnail","6":"product_brand-kuwait-petroleum-belgium-n-v-s-a","7":"product_cat-oleje-silnikowe","9":"first","10":"instock","11":"shipping-taxable","12":"purchasable","13":"product-type-simple"},"acf":[],"_links":{"self":[{"href":"https:\/\/syntaco.pl\/sklep\/wp-json\/wp\/v2\/product\/1096","targetHints":{"allow":["GET"]}}],"collection":[{"href":"https:\/\/syntaco.pl\/sklep\/wp-json\/wp\/v2\/product"}],"about":[{"href":"https:\/\/syntaco.pl\/sklep\/wp-json\/wp\/v2\/types\/product"}],"wp:featuredmedia":[{"embeddable":true,"href":"https:\/\/syntaco.pl\/sklep\/wp-json\/wp\/v2\/media\/1095"}],"wp:attachment":[{"href":"https:\/\/syntaco.pl\/sklep\/wp-json\/wp\/v2\/media?parent=1096"}],"wp:term":[{"taxonomy":"product_brand","embeddable":true,"href":"https:\/\/syntaco.pl\/sklep\/wp-json\/wp\/v2\/product_brand?post=1096"},{"taxonomy":"product_cat","embeddable":true,"href":"https:\/\/syntaco.pl\/sklep\/wp-json\/wp\/v2\/product_cat?post=1096"},{"taxonomy":"product_tag","embeddable":true,"href":"https:\/\/syntaco.pl\/sklep\/wp-json\/wp\/v2\/product_tag?post=1096"}],"curies":[{"name":"wp","href":"https:\/\/api.w.org\/{rel}","templated":true}]}}