{"id":1094,"date":"2025-12-19T10:21:24","date_gmt":"2025-12-19T09:21:24","guid":{"rendered":"https:\/\/syntaco.artneo.pl\/produkt\/q8-f-prestige-v-5w-30-4l\/"},"modified":"2026-03-28T08:32:44","modified_gmt":"2026-03-28T07:32:44","slug":"q8-f-prestige-v-5w-30-4l","status":"publish","type":"product","link":"https:\/\/syntaco.pl\/sklep\/produkt\/q8-f-prestige-v-5w-30-4l\/","title":{"rendered":"Q8 F Prestige V 5W-30 &#8211; 4L"},"content":{"rendered":"<p>Q8 Formula Prestige V 5W\/30 Ultra wysokoparametrowy, niskopopio\u0142owy (Low SAPS) syntetyczny olej SAE 5W-30 do silnik\u00f3w Euro 5 &amp; 6. Produkt przeszed\u0142 najnowsze testy VW 504.00\/507.00 Baumuster 2020, MB 229.52 i BMW Longlife-04 (B48). Zapewnia ochron\u0119 przed przedwczesnym zap\u0142onem przy niskich obrotach (LSPI)<br \/>\nKorzy\u015bci:<br \/>\n\u2022 Ochrona turbodo\u0142adowanych silnik\u00f3w benzynowych przed LSPI<br \/>\n\u2022 Znakomita ochrona katalizatora i filtra cz\u0105stek sta\u0142ych.<br \/>\n\u2022 Doskona\u0142a ochrona silnika dzi\u0119ki stabilnej lepko\u015bci przez ca\u0142y okres pracy oleju.<br \/>\nAprobaty i specyfikacje:<br \/>\nACEA C3, ACEA Recommended for ACEA C2, API SP, BMW longlife-04 (B48), MB 229.31, MB 229.51, MB 229.52, Porsche C30, VAG VW501.01, VAG VW 502.00, VAG VW 503.00, VAG VW 503.01, VAG VW 504.00 Baumuster 2020, VAG VW 505.00, VAG VW 505.01, VAG VW 506.00, VAG VW 506.01, VAG VW 507.00 Baumuster 2020<\/p>\n","protected":false},"excerpt":{"rendered":"<p>Q8 Formula Prestige V 5W\/30 Ultra wysokoparametrowy, niskopopio\u0142owy (Low SAPS) syntetyczny olej SAE 5W-30 do silnik\u00f3w Euro 5 &amp; 6. Produkt przeszed\u0142 najnowsze testy VW 504.00\/507.00 Baumuster 2020, MB 229.52 i BMW Longlife-04 (B48). Zapewnia ochron\u0119 przed przedwczesnym zap\u0142onem przy niskich obrotach (LSPI) Korzy\u015bci: \u2022 Ochrona turbodo\u0142adowanych silnik\u00f3w benzynowych przed LSPI \u2022 Znakomita ochrona katalizatora [&hellip;]<\/p>\n","protected":false},"featured_media":1093,"template":"","meta":{"_acf_changed":false},"product_brand":[49],"product_cat":[59],"product_tag":[],"class_list":{"0":"post-1094","1":"product","2":"type-product","3":"status-publish","4":"has-post-thumbnail","6":"product_brand-kuwait-petroleum-belgium-n-v-s-a","7":"product_cat-oleje-silnikowe","9":"first","10":"instock","11":"shipping-taxable","12":"purchasable","13":"product-type-simple"},"acf":[],"_links":{"self":[{"href":"https:\/\/syntaco.pl\/sklep\/wp-json\/wp\/v2\/product\/1094","targetHints":{"allow":["GET"]}}],"collection":[{"href":"https:\/\/syntaco.pl\/sklep\/wp-json\/wp\/v2\/product"}],"about":[{"href":"https:\/\/syntaco.pl\/sklep\/wp-json\/wp\/v2\/types\/product"}],"wp:featuredmedia":[{"embeddable":true,"href":"https:\/\/syntaco.pl\/sklep\/wp-json\/wp\/v2\/media\/1093"}],"wp:attachment":[{"href":"https:\/\/syntaco.pl\/sklep\/wp-json\/wp\/v2\/media?parent=1094"}],"wp:term":[{"taxonomy":"product_brand","embeddable":true,"href":"https:\/\/syntaco.pl\/sklep\/wp-json\/wp\/v2\/product_brand?post=1094"},{"taxonomy":"product_cat","embeddable":true,"href":"https:\/\/syntaco.pl\/sklep\/wp-json\/wp\/v2\/product_cat?post=1094"},{"taxonomy":"product_tag","embeddable":true,"href":"https:\/\/syntaco.pl\/sklep\/wp-json\/wp\/v2\/product_tag?post=1094"}],"curies":[{"name":"wp","href":"https:\/\/api.w.org\/{rel}","templated":true}]}}