{"id":1088,"date":"2025-12-19T10:21:18","date_gmt":"2025-12-19T09:21:18","guid":{"rendered":"https:\/\/syntaco.artneo.pl\/produkt\/q8-racing-4t-10w-50-1l\/"},"modified":"2026-03-28T08:32:42","modified_gmt":"2026-03-28T07:32:42","slug":"q8-racing-4t-10w-50-1l","status":"publish","type":"product","link":"https:\/\/syntaco.pl\/sklep\/produkt\/q8-racing-4t-10w-50-1l\/","title":{"rendered":"Q8 Racing 4T 10W-50 &#8211; 1L"},"content":{"rendered":"<p>Q8 Racing 4T 10W-50 to doskona\u0142y syntetyczny \u015brodek smarny, kt\u00f3ry zwi\u0119ksza moc motocykli czterosuwowych. Zawiera unikalny polimerowy polepszacz wska\u017anika lepko\u015bci i wyj\u0105tkowe dodatki przeciwzu\u017cyciowe, kt\u00f3re zapewniaj\u0105 ekstremaln\u0105 wytrzyma\u0142o\u015b\u0107 pow\u0142oki. Q8 Racing 4T 10W-50 gwarantuje wyj\u0105tkow\u0105 czysto\u015b\u0107 silnika, jest stabilny mechanicznie i termicznie oraz zapewnia nieprzerwane szczytowe osi\u0105gi w ka\u017cdych warunkach.<br \/>\nQ8 Racing 4T 10W-50 stosowany jest w motocyklach szosowych i terenowych z suchym i mokrym sprz\u0119g\u0142em. Nadaje si\u0119 do urz\u0105dze\u0144 rekreacyjnych, takich jak pojazdy terenowe (ATV) i quady. Olej przewy\u017csza najwy\u017csze mi\u0119dzynarodowe wymagania OEM.<br \/>\nCechy:<br \/>\n&#8211; Doskona\u0142e osi\u0105gi silnika w ekstremalnych warunkach jazdy.<br \/>\n&#8211; Doskona\u0142a czysto\u015b\u0107 i ochrona przed zu\u017cyciem wszystkich element\u00f3w.<br \/>\n&#8211; Doskona\u0142a kontrola wysokiej temperatury.<br \/>\n&#8211; Doskona\u0142a ochrona cylindra przed zu\u017cyciem przez zacieranie.<br \/>\n&#8211; Doskona\u0142a ochrona przed rdz\u0105 i korozj\u0105.<br \/>\nSpecyfikacje i aprobaty:<br \/>\nAPI &#8211; SN<br \/>\nJASO &#8211; MA2<\/p>\n","protected":false},"excerpt":{"rendered":"<p>Q8 Racing 4T 10W-50 to doskona\u0142y syntetyczny \u015brodek smarny, kt\u00f3ry zwi\u0119ksza moc motocykli czterosuwowych. Zawiera unikalny polimerowy polepszacz wska\u017anika lepko\u015bci i wyj\u0105tkowe dodatki przeciwzu\u017cyciowe, kt\u00f3re zapewniaj\u0105 ekstremaln\u0105 wytrzyma\u0142o\u015b\u0107 pow\u0142oki. Q8 Racing 4T 10W-50 gwarantuje wyj\u0105tkow\u0105 czysto\u015b\u0107 silnika, jest stabilny mechanicznie i termicznie oraz zapewnia nieprzerwane szczytowe osi\u0105gi w ka\u017cdych warunkach. Q8 Racing 4T 10W-50 stosowany [&hellip;]<\/p>\n","protected":false},"featured_media":1087,"template":"","meta":{"_acf_changed":false},"product_brand":[49],"product_cat":[48,30],"product_tag":[],"class_list":{"0":"post-1088","1":"product","2":"type-product","3":"status-publish","4":"has-post-thumbnail","6":"product_brand-kuwait-petroleum-belgium-n-v-s-a","7":"product_cat-oleje-do-motocykli-i-skuterow","8":"product_cat-produkty","10":"first","11":"instock","12":"shipping-taxable","13":"purchasable","14":"product-type-simple"},"acf":[],"_links":{"self":[{"href":"https:\/\/syntaco.pl\/sklep\/wp-json\/wp\/v2\/product\/1088","targetHints":{"allow":["GET"]}}],"collection":[{"href":"https:\/\/syntaco.pl\/sklep\/wp-json\/wp\/v2\/product"}],"about":[{"href":"https:\/\/syntaco.pl\/sklep\/wp-json\/wp\/v2\/types\/product"}],"wp:featuredmedia":[{"embeddable":true,"href":"https:\/\/syntaco.pl\/sklep\/wp-json\/wp\/v2\/media\/1087"}],"wp:attachment":[{"href":"https:\/\/syntaco.pl\/sklep\/wp-json\/wp\/v2\/media?parent=1088"}],"wp:term":[{"taxonomy":"product_brand","embeddable":true,"href":"https:\/\/syntaco.pl\/sklep\/wp-json\/wp\/v2\/product_brand?post=1088"},{"taxonomy":"product_cat","embeddable":true,"href":"https:\/\/syntaco.pl\/sklep\/wp-json\/wp\/v2\/product_cat?post=1088"},{"taxonomy":"product_tag","embeddable":true,"href":"https:\/\/syntaco.pl\/sklep\/wp-json\/wp\/v2\/product_tag?post=1088"}],"curies":[{"name":"wp","href":"https:\/\/api.w.org\/{rel}","templated":true}]}}