{"id":1086,"date":"2025-12-19T10:21:17","date_gmt":"2025-12-19T09:21:17","guid":{"rendered":"https:\/\/syntaco.artneo.pl\/produkt\/q8-f-hybrid-gf-6a-0w-20-1l\/"},"modified":"2026-04-15T09:43:04","modified_gmt":"2026-04-15T07:43:04","slug":"q8-f-hybrid-gf-6a-0w-20-1l","status":"publish","type":"product","link":"https:\/\/syntaco.pl\/sklep\/produkt\/q8-f-hybrid-gf-6a-0w-20-1l\/","title":{"rendered":"Q8 F Hybrid GF-6A 0W-20 &#8211; 1L"},"content":{"rendered":"<p>Q8 Formula Hybrid GF-6A 0W-20 to syntetyczny olej silnikowy o najwy\u017cszej wydajno\u015bci do samochod\u00f3w osobowych z nap\u0119dem hybrydowym. Ten \u015brodek smarny zapewnia oszcz\u0119dno\u015b\u0107 paliwa do 2,9% i wyd\u0142u\u017cone okresy mi\u0119dzy wymianami. Zapewnia najlepsz\u0105 w swojej klasie czysto\u015b\u0107 silnika, co zwi\u0119ksza jego trwa\u0142o\u015b\u0107. Jest w pe\u0142ni kompatybilny z biopaliwem. Q8 Formula Hybrid GF-6A 0W-20 to syntetyczny olej silnikowy o najwy\u017cszej wydajno\u015bci do samochod\u00f3w osobowych do samochod\u00f3w hybrydowych wymagaj\u0105cych API SP RC, API SP, API SN Plus RC, SN Plus, SN i ILSAC GF-6A, GF-5<br \/>\nPoprawiona oszcz\u0119dno\u015b\u0107 paliwa.<br \/>\nWyj\u0105tkowa ochrona silnika po zimnym rozruchu.<br \/>\nDoskona\u0142a wytrzyma\u0142o\u015b\u0107 filmu olejowego zapobiegaj\u0105ca zu\u017cyciu silnika.<br \/>\nDoskona\u0142a stabilno\u015b\u0107 oksydacyjna<br \/>\nNajlepsza w swojej klasie ochrona przed zu\u017cyciem zapewniaj\u0105ca d\u0142ug\u0105 \u017cywotno\u015b\u0107 silnika.<\/p>\n","protected":false},"excerpt":{"rendered":"<p>Q8 Formula Hybrid GF-6A 0W-20 to syntetyczny olej silnikowy o najwy\u017cszej wydajno\u015bci do samochod\u00f3w osobowych z nap\u0119dem hybrydowym. Ten \u015brodek smarny zapewnia oszcz\u0119dno\u015b\u0107 paliwa do 2,9% i wyd\u0142u\u017cone okresy mi\u0119dzy wymianami. Zapewnia najlepsz\u0105 w swojej klasie czysto\u015b\u0107 silnika, co zwi\u0119ksza jego trwa\u0142o\u015b\u0107. Jest w pe\u0142ni kompatybilny z biopaliwem. Q8 Formula Hybrid GF-6A 0W-20 to syntetyczny [&hellip;]<\/p>\n","protected":false},"featured_media":1085,"template":"","meta":{"_acf_changed":false},"product_brand":[49],"product_cat":[59],"product_tag":[],"class_list":{"0":"post-1086","1":"product","2":"type-product","3":"status-publish","4":"has-post-thumbnail","6":"product_brand-kuwait-petroleum-belgium-n-v-s-a","7":"product_cat-oleje-silnikowe","9":"first","10":"instock","11":"shipping-taxable","12":"purchasable","13":"product-type-simple"},"acf":[],"_links":{"self":[{"href":"https:\/\/syntaco.pl\/sklep\/wp-json\/wp\/v2\/product\/1086","targetHints":{"allow":["GET"]}}],"collection":[{"href":"https:\/\/syntaco.pl\/sklep\/wp-json\/wp\/v2\/product"}],"about":[{"href":"https:\/\/syntaco.pl\/sklep\/wp-json\/wp\/v2\/types\/product"}],"wp:featuredmedia":[{"embeddable":true,"href":"https:\/\/syntaco.pl\/sklep\/wp-json\/wp\/v2\/media\/1085"}],"wp:attachment":[{"href":"https:\/\/syntaco.pl\/sklep\/wp-json\/wp\/v2\/media?parent=1086"}],"wp:term":[{"taxonomy":"product_brand","embeddable":true,"href":"https:\/\/syntaco.pl\/sklep\/wp-json\/wp\/v2\/product_brand?post=1086"},{"taxonomy":"product_cat","embeddable":true,"href":"https:\/\/syntaco.pl\/sklep\/wp-json\/wp\/v2\/product_cat?post=1086"},{"taxonomy":"product_tag","embeddable":true,"href":"https:\/\/syntaco.pl\/sklep\/wp-json\/wp\/v2\/product_tag?post=1086"}],"curies":[{"name":"wp","href":"https:\/\/api.w.org\/{rel}","templated":true}]}}