{"id":1070,"date":"2025-12-19T10:21:02","date_gmt":"2025-12-19T09:21:02","guid":{"rendered":"https:\/\/syntaco.artneo.pl\/produkt\/q8-f-excel-long-life-0w-40-4l\/"},"modified":"2026-03-28T08:32:36","modified_gmt":"2026-03-28T07:32:36","slug":"q8-f-excel-long-life-0w-40-4l","status":"publish","type":"product","link":"https:\/\/syntaco.pl\/sklep\/produkt\/q8-f-excel-long-life-0w-40-4l\/","title":{"rendered":"Q8 F Excel Long Life 0W-40 &#8211; 4L"},"content":{"rendered":"<p>Q8 Formula Excel Long Life 0W-40 to syntetyczny wysokoparametrowy olej silnikowy do samochod\u00f3w osobowych. Spe\u0142nia wymagania ACEA A3\/B4 i posiada aprobaty wi\u0119kszo\u015bci producent\u00f3w pojazd\u00f3w (OEM).<br \/>\nKorzy\u015bci<br \/>\n\u2022\tZnakomite osi\u0105gi silnika w r\u00f3\u017cnych warunkach jazdy.<br \/>\n\u2022\tZnakomita ochrona zimnego silnika.<br \/>\n\u2022\tDoskona\u0142a ochrona przed rdz\u0105 i korozj\u0105.<br \/>\n\u2022\tDoskona\u0142e zmniejszenie tarcia.<br \/>\nSpecyfikacje i aprobaty: ACEA A3\/B4, API SN, BMW Longlife-01, Chrysler MS-10725,Ford M2C 937-A, MB 229.3, MB 229.5, Porsche A40, Renault RN 0700, Renault RN 0710, VAG VW 505.00, VAG VW 505.01<\/p>\n","protected":false},"excerpt":{"rendered":"<p>Q8 Formula Excel Long Life 0W-40 to syntetyczny wysokoparametrowy olej silnikowy do samochod\u00f3w osobowych. Spe\u0142nia wymagania ACEA A3\/B4 i posiada aprobaty wi\u0119kszo\u015bci producent\u00f3w pojazd\u00f3w (OEM). Korzy\u015bci \u2022 Znakomite osi\u0105gi silnika w r\u00f3\u017cnych warunkach jazdy. \u2022 Znakomita ochrona zimnego silnika. \u2022 Doskona\u0142a ochrona przed rdz\u0105 i korozj\u0105. \u2022 Doskona\u0142e zmniejszenie tarcia. Specyfikacje i aprobaty: ACEA A3\/B4, [&hellip;]<\/p>\n","protected":false},"featured_media":1069,"template":"","meta":{"_acf_changed":false},"product_brand":[49],"product_cat":[59],"product_tag":[],"class_list":{"0":"post-1070","1":"product","2":"type-product","3":"status-publish","4":"has-post-thumbnail","6":"product_brand-kuwait-petroleum-belgium-n-v-s-a","7":"product_cat-oleje-silnikowe","9":"first","10":"instock","11":"shipping-taxable","12":"purchasable","13":"product-type-simple"},"acf":[],"_links":{"self":[{"href":"https:\/\/syntaco.pl\/sklep\/wp-json\/wp\/v2\/product\/1070","targetHints":{"allow":["GET"]}}],"collection":[{"href":"https:\/\/syntaco.pl\/sklep\/wp-json\/wp\/v2\/product"}],"about":[{"href":"https:\/\/syntaco.pl\/sklep\/wp-json\/wp\/v2\/types\/product"}],"wp:featuredmedia":[{"embeddable":true,"href":"https:\/\/syntaco.pl\/sklep\/wp-json\/wp\/v2\/media\/1069"}],"wp:attachment":[{"href":"https:\/\/syntaco.pl\/sklep\/wp-json\/wp\/v2\/media?parent=1070"}],"wp:term":[{"taxonomy":"product_brand","embeddable":true,"href":"https:\/\/syntaco.pl\/sklep\/wp-json\/wp\/v2\/product_brand?post=1070"},{"taxonomy":"product_cat","embeddable":true,"href":"https:\/\/syntaco.pl\/sklep\/wp-json\/wp\/v2\/product_cat?post=1070"},{"taxonomy":"product_tag","embeddable":true,"href":"https:\/\/syntaco.pl\/sklep\/wp-json\/wp\/v2\/product_tag?post=1070"}],"curies":[{"name":"wp","href":"https:\/\/api.w.org\/{rel}","templated":true}]}}