{"id":1046,"date":"2025-12-19T10:20:38","date_gmt":"2025-12-19T09:20:38","guid":{"rendered":"https:\/\/syntaco.artneo.pl\/produkt\/q8-f-special-d1-5w-30-1l\/"},"modified":"2026-03-28T08:32:23","modified_gmt":"2026-03-28T07:32:23","slug":"q8-f-special-d1-5w-30-1l","status":"publish","type":"product","link":"https:\/\/syntaco.pl\/sklep\/produkt\/q8-f-special-d1-5w-30-1l\/","title":{"rendered":"Q8 F Special D1 5W-30 &#8211; 1L"},"content":{"rendered":"<p>Q8 Formula Special D1 5W-30 to wyj\u0105tkowy syntetyczny olej do najnowszych silnik\u00f3w GM wymagaj\u0105cych zgodno\u015bci ze specyfikacjami Dexos 1 Gen2 dla normalnych i wyd\u0142u\u017conych okres\u00f3w pomi\u0119dzy wymianami.<br \/>\nKorzy\u015bci<br \/>\n\u2022\tDoskona\u0142a czysto\u015b\u0107 silnika wyd\u0142u\u017ca jego \u017cywotno\u015b\u0107.<br \/>\n\u2022\tOchrona turbodo\u0142adowanych silnik\u00f3w benzynowych przed LSPI<br \/>\n\u2022\tMniejsze zu\u017cycie paliwa.<br \/>\n\u2022\tWyd\u0142u\u017cony okres pomi\u0119dzy wymianami<br \/>\n\u2022\tDoskona\u0142a ochrona przed rdz\u0105 i korozj\u0105.<br \/>\nSpecyfikacje i aprobaty : API SN, Ford M2C 946-A, Ford M2C 962, GM Dexos1 Gen2, ILSAC GF-5, ILSAC GF-6<\/p>\n","protected":false},"excerpt":{"rendered":"<p>Q8 Formula Special D1 5W-30 to wyj\u0105tkowy syntetyczny olej do najnowszych silnik\u00f3w GM wymagaj\u0105cych zgodno\u015bci ze specyfikacjami Dexos 1 Gen2 dla normalnych i wyd\u0142u\u017conych okres\u00f3w pomi\u0119dzy wymianami. Korzy\u015bci \u2022 Doskona\u0142a czysto\u015b\u0107 silnika wyd\u0142u\u017ca jego \u017cywotno\u015b\u0107. \u2022 Ochrona turbodo\u0142adowanych silnik\u00f3w benzynowych przed LSPI \u2022 Mniejsze zu\u017cycie paliwa. \u2022 Wyd\u0142u\u017cony okres pomi\u0119dzy wymianami \u2022 Doskona\u0142a ochrona przed [&hellip;]<\/p>\n","protected":false},"featured_media":1045,"template":"","meta":{"_acf_changed":false},"product_brand":[49],"product_cat":[59],"product_tag":[],"class_list":{"0":"post-1046","1":"product","2":"type-product","3":"status-publish","4":"has-post-thumbnail","6":"product_brand-kuwait-petroleum-belgium-n-v-s-a","7":"product_cat-oleje-silnikowe","9":"first","10":"instock","11":"shipping-taxable","12":"purchasable","13":"product-type-simple"},"acf":[],"_links":{"self":[{"href":"https:\/\/syntaco.pl\/sklep\/wp-json\/wp\/v2\/product\/1046","targetHints":{"allow":["GET"]}}],"collection":[{"href":"https:\/\/syntaco.pl\/sklep\/wp-json\/wp\/v2\/product"}],"about":[{"href":"https:\/\/syntaco.pl\/sklep\/wp-json\/wp\/v2\/types\/product"}],"wp:featuredmedia":[{"embeddable":true,"href":"https:\/\/syntaco.pl\/sklep\/wp-json\/wp\/v2\/media\/1045"}],"wp:attachment":[{"href":"https:\/\/syntaco.pl\/sklep\/wp-json\/wp\/v2\/media?parent=1046"}],"wp:term":[{"taxonomy":"product_brand","embeddable":true,"href":"https:\/\/syntaco.pl\/sklep\/wp-json\/wp\/v2\/product_brand?post=1046"},{"taxonomy":"product_cat","embeddable":true,"href":"https:\/\/syntaco.pl\/sklep\/wp-json\/wp\/v2\/product_cat?post=1046"},{"taxonomy":"product_tag","embeddable":true,"href":"https:\/\/syntaco.pl\/sklep\/wp-json\/wp\/v2\/product_tag?post=1046"}],"curies":[{"name":"wp","href":"https:\/\/api.w.org\/{rel}","templated":true}]}}