{"id":1040,"date":"2025-12-19T10:20:33","date_gmt":"2025-12-19T09:20:33","guid":{"rendered":"https:\/\/syntaco.artneo.pl\/produkt\/q8-f-truck-8900-fe-5w-30-20l\/"},"modified":"2026-03-28T08:32:21","modified_gmt":"2026-03-28T07:32:21","slug":"q8-f-truck-8900-fe-5w-30-20l","status":"publish","type":"product","link":"https:\/\/syntaco.pl\/sklep\/produkt\/q8-f-truck-8900-fe-5w-30-20l\/","title":{"rendered":"Q8 F Truck 8900 FE 5W-30 &#8211; 20L"},"content":{"rendered":"<p>Q8 Formula Truck 8900 FE 5W-30 to najwy\u017cszej klasy olej silnikowy o bardzo wysokich parametrach i niskiej zawarto\u015bci SAPS do pracy w ci\u0119\u017ckich warunkach. Ten produkt zapewnia wyj\u0105tkow\u0105 ochron\u0119 przed zu\u017cyciem silnika, w szczeg\u00f3lno\u015bci przed zu\u017cyciem krzywek, i zapewnia zmniejszenie zu\u017cycia paliwa nawet o 1% lub wi\u0119cej. Spe\u0142nia specyfikacj\u0119 ACEA E6 wraz ze specyfikacjami r\u00f3\u017cnych wiod\u0105cych europejskich producent\u00f3w OEM, takich jak Mercedes-Benz, MAN, Scania i Volvo.<br \/>\nQ8 Formula Truck 8900 FE 5W-30 zosta\u0142 opracowany dla pojazd\u00f3w ci\u0119\u017carowych wymagaj\u0105cych specyfikacji ACEA E6 \/ E7 \/ E9 i API CK-4. Mo\u017ce by\u0107 stosowany w wi\u0119kszo\u015bci silnik\u00f3w wysokopr\u0119\u017cnych Euro IV, Euro V i Euro VI wyposa\u017conych w uk\u0142ady oczyszczania spalin i pracuj\u0105cych na oleju nap\u0119dowym o niskiej zawarto\u015bci siarki. Przekracza wymagania ponad 90% pojazd\u00f3w ci\u0119\u017carowych takich jak IVECO, Scania, MAN, Mercedes-Benz, Cummins, Volvo, MTU czy Caterpillar. Nadaje si\u0119 r\u00f3wnie\u017c do silnik\u00f3w LNG i CNG. Q8 Formula Truck 8900 FE 5W-30 mo\u017ce by\u0107 stosowany tam, gdzie zalecany jest Volvo VDS-5, chocia\u017c cz\u0119stotliwo\u015b\u0107 wymiany musi by\u0107 odpowiednio dostosowana i nie s\u0105 dost\u0119pne \u017cadne korzy\u015bci w zakresie oszcz\u0119dno\u015bci paliwa VDS-5. Nale\u017cy pami\u0119ta\u0107, \u017ce Q8 Formula Truck 8900 FE 5W-30 nie posiada aprobaty VDS-5.<br \/>\nDoskona\u0142a ochrona przed zu\u017cyciem silnika.<br \/>\nPoprawa oszcz\u0119dno\u015bci paliwa do 1%.<br \/>\nDoskona\u0142a ochrona katalitycznego uk\u0142adu oczyszczania spalin (SCR).<br \/>\nWyj\u0105tkowa ochrona silnika po zimnym rozruchu.<br \/>\nNajlepsza w swojej klasie czysto\u015b\u0107 silnika.<\/p>\n","protected":false},"excerpt":{"rendered":"<p>Q8 Formula Truck 8900 FE 5W-30 to najwy\u017cszej klasy olej silnikowy o bardzo wysokich parametrach i niskiej zawarto\u015bci SAPS do pracy w ci\u0119\u017ckich warunkach. Ten produkt zapewnia wyj\u0105tkow\u0105 ochron\u0119 przed zu\u017cyciem silnika, w szczeg\u00f3lno\u015bci przed zu\u017cyciem krzywek, i zapewnia zmniejszenie zu\u017cycia paliwa nawet o 1% lub wi\u0119cej. Spe\u0142nia specyfikacj\u0119 ACEA E6 wraz ze specyfikacjami r\u00f3\u017cnych [&hellip;]<\/p>\n","protected":false},"featured_media":1039,"template":"","meta":{"_acf_changed":false},"product_brand":[49],"product_cat":[59],"product_tag":[],"class_list":{"0":"post-1040","1":"product","2":"type-product","3":"status-publish","4":"has-post-thumbnail","6":"product_brand-kuwait-petroleum-belgium-n-v-s-a","7":"product_cat-oleje-silnikowe","9":"first","10":"instock","11":"shipping-taxable","12":"purchasable","13":"product-type-simple"},"acf":[],"_links":{"self":[{"href":"https:\/\/syntaco.pl\/sklep\/wp-json\/wp\/v2\/product\/1040","targetHints":{"allow":["GET"]}}],"collection":[{"href":"https:\/\/syntaco.pl\/sklep\/wp-json\/wp\/v2\/product"}],"about":[{"href":"https:\/\/syntaco.pl\/sklep\/wp-json\/wp\/v2\/types\/product"}],"wp:featuredmedia":[{"embeddable":true,"href":"https:\/\/syntaco.pl\/sklep\/wp-json\/wp\/v2\/media\/1039"}],"wp:attachment":[{"href":"https:\/\/syntaco.pl\/sklep\/wp-json\/wp\/v2\/media?parent=1040"}],"wp:term":[{"taxonomy":"product_brand","embeddable":true,"href":"https:\/\/syntaco.pl\/sklep\/wp-json\/wp\/v2\/product_brand?post=1040"},{"taxonomy":"product_cat","embeddable":true,"href":"https:\/\/syntaco.pl\/sklep\/wp-json\/wp\/v2\/product_cat?post=1040"},{"taxonomy":"product_tag","embeddable":true,"href":"https:\/\/syntaco.pl\/sklep\/wp-json\/wp\/v2\/product_tag?post=1040"}],"curies":[{"name":"wp","href":"https:\/\/api.w.org\/{rel}","templated":true}]}}