{"id":1038,"date":"2025-12-19T10:20:31","date_gmt":"2025-12-19T09:20:31","guid":{"rendered":"https:\/\/syntaco.artneo.pl\/produkt\/q8-f-special-rn-5w-30-20l\/"},"modified":"2026-03-28T08:32:20","modified_gmt":"2026-03-28T07:32:20","slug":"q8-f-special-rn-5w-30-20l","status":"publish","type":"product","link":"https:\/\/syntaco.pl\/sklep\/produkt\/q8-f-special-rn-5w-30-20l\/","title":{"rendered":"Q8 F Special RN 5W-30 &#8211; 20L"},"content":{"rendered":"<p>Q8 Formula Special RN 5W-30 to wysokoparametrowy olej silnikowy do samochod\u00f3w osobowych. Zapewnia wyj\u0105tkow\u0105 ochron\u0119 przed szlamem i zu\u017cyciem oraz doskona\u0142\u0105 kompatybilno\u015b\u0107 z uk\u0142adami oczyszczania spalin.<br \/>\nKorzy\u015bci<br \/>\n\u2022\tDoskona\u0142a czysto\u015b\u0107 silnika wyd\u0142u\u017ca jego \u017cywotno\u015b\u0107.<br \/>\n\u2022\tZnakomita ochrona katalizatora i filtra cz\u0105stek sta\u0142ych.<br \/>\n\u2022\tZmniejszenie zu\u017cycia paliwa o 1% lub wi\u0119cej<br \/>\n\u2022\tUmiarkowane wyd\u0142u\u017cenie okresu pomi\u0119dzy wymianami<br \/>\n\u2022\tZnakomita ochrona zimnego silnika.<br \/>\nSpecyfikacje i aprobaty: ACEA C2, ACEA C3, API SN, BMW Longlife-04 (N20), Fiat 9.55535-S3, Ford M2C 917-A, GM Dexos2, GM LL-A-025, GM LL-B-025, MB 229.31, MB 229.51, MB 229.52, Renault RN 17, VAG VW 505.00, VAG VW 505.01, Vauxhall 0V401547 (Dexos2 Gen2)<\/p>\n","protected":false},"excerpt":{"rendered":"<p>Q8 Formula Special RN 5W-30 to wysokoparametrowy olej silnikowy do samochod\u00f3w osobowych. Zapewnia wyj\u0105tkow\u0105 ochron\u0119 przed szlamem i zu\u017cyciem oraz doskona\u0142\u0105 kompatybilno\u015b\u0107 z uk\u0142adami oczyszczania spalin. Korzy\u015bci \u2022 Doskona\u0142a czysto\u015b\u0107 silnika wyd\u0142u\u017ca jego \u017cywotno\u015b\u0107. \u2022 Znakomita ochrona katalizatora i filtra cz\u0105stek sta\u0142ych. \u2022 Zmniejszenie zu\u017cycia paliwa o 1% lub wi\u0119cej \u2022 Umiarkowane wyd\u0142u\u017cenie okresu pomi\u0119dzy [&hellip;]<\/p>\n","protected":false},"featured_media":1037,"template":"","meta":{"_acf_changed":false},"product_brand":[49],"product_cat":[59],"product_tag":[],"class_list":{"0":"post-1038","1":"product","2":"type-product","3":"status-publish","4":"has-post-thumbnail","6":"product_brand-kuwait-petroleum-belgium-n-v-s-a","7":"product_cat-oleje-silnikowe","9":"first","10":"instock","11":"shipping-taxable","12":"purchasable","13":"product-type-simple"},"acf":[],"_links":{"self":[{"href":"https:\/\/syntaco.pl\/sklep\/wp-json\/wp\/v2\/product\/1038","targetHints":{"allow":["GET"]}}],"collection":[{"href":"https:\/\/syntaco.pl\/sklep\/wp-json\/wp\/v2\/product"}],"about":[{"href":"https:\/\/syntaco.pl\/sklep\/wp-json\/wp\/v2\/types\/product"}],"wp:featuredmedia":[{"embeddable":true,"href":"https:\/\/syntaco.pl\/sklep\/wp-json\/wp\/v2\/media\/1037"}],"wp:attachment":[{"href":"https:\/\/syntaco.pl\/sklep\/wp-json\/wp\/v2\/media?parent=1038"}],"wp:term":[{"taxonomy":"product_brand","embeddable":true,"href":"https:\/\/syntaco.pl\/sklep\/wp-json\/wp\/v2\/product_brand?post=1038"},{"taxonomy":"product_cat","embeddable":true,"href":"https:\/\/syntaco.pl\/sklep\/wp-json\/wp\/v2\/product_cat?post=1038"},{"taxonomy":"product_tag","embeddable":true,"href":"https:\/\/syntaco.pl\/sklep\/wp-json\/wp\/v2\/product_tag?post=1038"}],"curies":[{"name":"wp","href":"https:\/\/api.w.org\/{rel}","templated":true}]}}