{"id":1028,"date":"2025-12-19T10:20:22","date_gmt":"2025-12-19T09:20:22","guid":{"rendered":"https:\/\/syntaco.artneo.pl\/produkt\/q8-f-truck-7000-15w-40-208l\/"},"modified":"2026-04-15T09:42:57","modified_gmt":"2026-04-15T07:42:57","slug":"q8-f-truck-7000-15w-40-208l","status":"publish","type":"product","link":"https:\/\/syntaco.pl\/sklep\/produkt\/q8-f-truck-7000-15w-40-208l\/","title":{"rendered":"Q8 F Truck 7000 15W-40 &#8211; 208L"},"content":{"rendered":"<p>Q8 Formula Truck 7000 15W-40 to olej do wysokoobci\u0105\u017conych silnik\u00f3w wysokopr\u0119\u017cnych o niskiej zawarto\u015bci SAPS, kt\u00f3ry zapewnia wiod\u0105c\u0105 w swojej klasie ochron\u0119 przed zu\u017cyciem i korozj\u0105. Spe\u0142nia wymagania specyfikacji ACEA E9 i API CK-4.<br \/>\nKorzy\u015bci:<br \/>\n\u2022Wyj\u0105tkowa czysto\u015b\u0107 komory spalania dzi\u0119ki niskiemu poziomowi popio\u0142u siarczanowego.<br \/>\n\u2022Doskona\u0142a ochrona silnika przed zu\u017cyciem.<br \/>\n\u2022Doskona\u0142a ochrona przed gromadzeniem si\u0119 osad\u00f3w na pier\u015bcieniach t\u0142okowych.<br \/>\n\u2022Wyj\u0105tkowa ochrona silnika po zimnym rozruchu.<br \/>\n\u2022Minimalizacja zatykania si\u0119 filtra cz\u0105stek sta\u0142ych do silnik\u00f3w wysokopr\u0119\u017cnych (DPF\/CRT)<br \/>\nSpecyfikacje: ACEA E9, API CI-4, API CI-4+, API<br \/>\nCJ-4, API CK-4, Case New Holland MAT 3571, Caterpillar ECF-3, Detroit Diesel 93K218, Deutz DQC III-10 LA, Ford M2C 171-F1, Isuzu, MAN M 3271-1, MAN M 3775, MB 228.31, Mack EO-S 4.5, Renault RLD-3, Tata, Volvo CNG, Allison TES-439, Caterpillar ECF-2, Cummins CES 20086, Detroit Diesel 93K222, Deutz DQC III-18 LA, Hino, JASO DH-2, MAN M 3575, MB 226.9, MTU Type 2.1, Renault RGD, Renault RLD-4, UD Trucks, Volvo VDS-4.5Q8 Formula Truck 7000 15W-40 to olej do wysokoobci\u0105\u017conych silnik\u00f3w wysokopr\u0119\u017cnych o niskiej zawarto\u015bci SAPS, kt\u00f3ry zapewnia wiod\u0105c\u0105 w swojej klasie ochron\u0119 przed zu\u017cyciem i korozj\u0105. Spe\u0142nia wymagania specyfikacji ACEA E9 i API CK-4.<br \/>\nKorzy\u015bci:<br \/>\n\u2022Wyj\u0105tkowa czysto\u015b\u0107 komory spalania dzi\u0119ki niskiemu poziomowi popio\u0142u siarczanowego.<br \/>\n\u2022Doskona\u0142a ochrona silnika przed zu\u017cyciem.<br \/>\n\u2022Doskona\u0142a ochrona przed gromadzeniem si\u0119 osad\u00f3w na pier\u015bcieniach t\u0142okowych.<br \/>\n\u2022Wyj\u0105tkowa ochrona silnika po zimnym rozruchu.<br \/>\n\u2022Minimalizacja zatykania si\u0119 filtra cz\u0105stek sta\u0142ych do silnik\u00f3w wysokopr\u0119\u017cnych (DPF\/CRT)<br \/>\nSpecyfikacje: ACEA E9, API CI-4, API CI-4+, API<br \/>\nCJ-4, API CK-4, Case New Holland MAT 3571, Caterpillar ECF-3, Detroit Diesel 93K218, Deutz DQC III-10 LA, Ford M2C 171-F1, Isuzu, MAN M 3271-1, MAN M 3775, MB 228.31, Mack EO-S 4.5, Renault RLD-3, Tata, Volvo CNG, Allison TES-439, Caterpillar ECF-2, Cummins CES 20086, Detroit Diesel 93K222, Deutz DQC III-18 LA, Hino, JASO DH-2, MAN M 3575, MB 226.9, MTU Type 2.1, Renault RGD, Renault RLD-4, UD Trucks, Volvo VDS-4.5<\/p>\n","protected":false},"excerpt":{"rendered":"<p>Q8 Formula Truck 7000 15W-40 to olej do wysokoobci\u0105\u017conych silnik\u00f3w wysokopr\u0119\u017cnych o niskiej zawarto\u015bci SAPS, kt\u00f3ry zapewnia wiod\u0105c\u0105 w swojej klasie ochron\u0119 przed zu\u017cyciem i korozj\u0105. Spe\u0142nia wymagania specyfikacji ACEA E9 i API CK-4. Korzy\u015bci: \u2022Wyj\u0105tkowa czysto\u015b\u0107 komory spalania dzi\u0119ki niskiemu poziomowi popio\u0142u siarczanowego. \u2022Doskona\u0142a ochrona silnika przed zu\u017cyciem. \u2022Doskona\u0142a ochrona przed gromadzeniem si\u0119 osad\u00f3w [&hellip;]<\/p>\n","protected":false},"featured_media":1027,"template":"","meta":{"_acf_changed":false},"product_brand":[49],"product_cat":[59],"product_tag":[],"class_list":{"0":"post-1028","1":"product","2":"type-product","3":"status-publish","4":"has-post-thumbnail","6":"product_brand-kuwait-petroleum-belgium-n-v-s-a","7":"product_cat-oleje-silnikowe","9":"first","10":"instock","11":"shipping-taxable","12":"purchasable","13":"product-type-simple"},"acf":[],"_links":{"self":[{"href":"https:\/\/syntaco.pl\/sklep\/wp-json\/wp\/v2\/product\/1028","targetHints":{"allow":["GET"]}}],"collection":[{"href":"https:\/\/syntaco.pl\/sklep\/wp-json\/wp\/v2\/product"}],"about":[{"href":"https:\/\/syntaco.pl\/sklep\/wp-json\/wp\/v2\/types\/product"}],"wp:featuredmedia":[{"embeddable":true,"href":"https:\/\/syntaco.pl\/sklep\/wp-json\/wp\/v2\/media\/1027"}],"wp:attachment":[{"href":"https:\/\/syntaco.pl\/sklep\/wp-json\/wp\/v2\/media?parent=1028"}],"wp:term":[{"taxonomy":"product_brand","embeddable":true,"href":"https:\/\/syntaco.pl\/sklep\/wp-json\/wp\/v2\/product_brand?post=1028"},{"taxonomy":"product_cat","embeddable":true,"href":"https:\/\/syntaco.pl\/sklep\/wp-json\/wp\/v2\/product_cat?post=1028"},{"taxonomy":"product_tag","embeddable":true,"href":"https:\/\/syntaco.pl\/sklep\/wp-json\/wp\/v2\/product_tag?post=1028"}],"curies":[{"name":"wp","href":"https:\/\/api.w.org\/{rel}","templated":true}]}}