{"id":1024,"date":"2025-12-19T10:20:18","date_gmt":"2025-12-19T09:20:18","guid":{"rendered":"https:\/\/syntaco.artneo.pl\/produkt\/q8-f-plus-15w-40-4l\/"},"modified":"2026-04-15T09:42:57","modified_gmt":"2026-04-15T07:42:57","slug":"q8-f-plus-15w-40-4l","status":"publish","type":"product","link":"https:\/\/syntaco.pl\/sklep\/produkt\/q8-f-plus-15w-40-4l\/","title":{"rendered":"Q8 F Plus 15W-40 &#8211; 4L"},"content":{"rendered":"<p>Q8 Formula Plus 15W-40 to doskona\u0142y wysokoparametrowy olej silnikowy spe\u0142niaj\u0105cy wymagania ACEA A3\/B3. Utrzymuje silnik w czysto\u015bci i zapobiega tworzeniu si\u0119 szlamu.<br \/>\nKorzy\u015bci<br \/>\n\u2022\tOptymalna ochrona przed korozj\u0105 zapewnia d\u0142ug\u0105 \u017cywotno\u015b\u0107 silnika.<br \/>\n\u2022\tCzysto\u015b\u0107 silnika przedk\u0142ada si\u0119 na zwi\u0119kszenie jego trwa\u0142o\u015bci.<br \/>\n\u2022\tZnakomita ochrona przed rdz\u0105 i korozj\u0105.<br \/>\nSpecyfikacje i aprobaty: ACEA A3\/B3, API CF, API SL, MB 229.1, VAG VW 501.01, VAG VW 505.00<\/p>\n","protected":false},"excerpt":{"rendered":"<p>Q8 Formula Plus 15W-40 to doskona\u0142y wysokoparametrowy olej silnikowy spe\u0142niaj\u0105cy wymagania ACEA A3\/B3. Utrzymuje silnik w czysto\u015bci i zapobiega tworzeniu si\u0119 szlamu. Korzy\u015bci \u2022 Optymalna ochrona przed korozj\u0105 zapewnia d\u0142ug\u0105 \u017cywotno\u015b\u0107 silnika. \u2022 Czysto\u015b\u0107 silnika przedk\u0142ada si\u0119 na zwi\u0119kszenie jego trwa\u0142o\u015bci. \u2022 Znakomita ochrona przed rdz\u0105 i korozj\u0105. Specyfikacje i aprobaty: ACEA A3\/B3, API CF, [&hellip;]<\/p>\n","protected":false},"featured_media":1023,"template":"","meta":{"_acf_changed":false},"product_brand":[49],"product_cat":[59],"product_tag":[],"class_list":{"0":"post-1024","1":"product","2":"type-product","3":"status-publish","4":"has-post-thumbnail","6":"product_brand-kuwait-petroleum-belgium-n-v-s-a","7":"product_cat-oleje-silnikowe","9":"first","10":"instock","11":"shipping-taxable","12":"purchasable","13":"product-type-simple"},"acf":[],"_links":{"self":[{"href":"https:\/\/syntaco.pl\/sklep\/wp-json\/wp\/v2\/product\/1024","targetHints":{"allow":["GET"]}}],"collection":[{"href":"https:\/\/syntaco.pl\/sklep\/wp-json\/wp\/v2\/product"}],"about":[{"href":"https:\/\/syntaco.pl\/sklep\/wp-json\/wp\/v2\/types\/product"}],"wp:featuredmedia":[{"embeddable":true,"href":"https:\/\/syntaco.pl\/sklep\/wp-json\/wp\/v2\/media\/1023"}],"wp:attachment":[{"href":"https:\/\/syntaco.pl\/sklep\/wp-json\/wp\/v2\/media?parent=1024"}],"wp:term":[{"taxonomy":"product_brand","embeddable":true,"href":"https:\/\/syntaco.pl\/sklep\/wp-json\/wp\/v2\/product_brand?post=1024"},{"taxonomy":"product_cat","embeddable":true,"href":"https:\/\/syntaco.pl\/sklep\/wp-json\/wp\/v2\/product_cat?post=1024"},{"taxonomy":"product_tag","embeddable":true,"href":"https:\/\/syntaco.pl\/sklep\/wp-json\/wp\/v2\/product_tag?post=1024"}],"curies":[{"name":"wp","href":"https:\/\/api.w.org\/{rel}","templated":true}]}}