{"id":1020,"date":"2025-12-19T10:20:15","date_gmt":"2025-12-19T09:20:15","guid":{"rendered":"https:\/\/syntaco.artneo.pl\/produkt\/q8-ruysdael-sg-400g\/"},"modified":"2026-03-28T08:32:14","modified_gmt":"2026-03-28T07:32:14","slug":"q8-ruysdael-sg-400g","status":"publish","type":"product","link":"https:\/\/syntaco.pl\/sklep\/produkt\/q8-ruysdael-sg-400g\/","title":{"rendered":"Q8 Ruysdael SG &#8211; 400g"},"content":{"rendered":"<p>Q8 Ruysdael SG to wielofunkcyjny smar litowo-wapniowy, wysoce zalecany do zastosowa\u0144 w wilgotnym i korozyjnym \u015brodowisku dzi\u0119ki doskona\u0142ej wodoodporno\u015bci. Charakteryzuje si\u0119 d\u0142ug\u0105 \u017cywotno\u015bci\u0105, doskona\u0142\u0105 ochron\u0105 przed korozj\u0105 i doskona\u0142ymi w\u0142a\u015bciwo\u015bciami adhezyjnymi do metalu. Olej mineralny i doskona\u0142y zag\u0119szczacz smaru w Q8 Ruysdael SG prowadz\u0105 do doskona\u0142ej no\u015bno\u015bci.<br \/>\nZastosowanie:<br \/>\nQ8 Ruysdael SG to specjalny smar do zastosowa\u0144 w \u015brodowisku wilgotnym i korozyjnym. Znajduje zastosowanie w budownictwie l\u0105dowym w obecno\u015bci py\u0142u, wody i wysokich temperatur. Q8 Ruysdael SG jest stosowany w bran\u017cy morskiej do sprz\u0119tu o du\u017cych obci\u0105\u017ceniach i w obecno\u015bci wody. Mo\u017ce by\u0107 r\u00f3wnie\u017c stosowany jako smar uniwersalny w transporcie i sprz\u0119cie rolniczym.<br \/>\nSpecyfikacje i aprobaty:<br \/>\nDIN: 51502 KP2.5K-20<br \/>\nISO: 6743 L-XBCHB2.5<\/p>\n","protected":false},"excerpt":{"rendered":"<p>Q8 Ruysdael SG to wielofunkcyjny smar litowo-wapniowy, wysoce zalecany do zastosowa\u0144 w wilgotnym i korozyjnym \u015brodowisku dzi\u0119ki doskona\u0142ej wodoodporno\u015bci. Charakteryzuje si\u0119 d\u0142ug\u0105 \u017cywotno\u015bci\u0105, doskona\u0142\u0105 ochron\u0105 przed korozj\u0105 i doskona\u0142ymi w\u0142a\u015bciwo\u015bciami adhezyjnymi do metalu. Olej mineralny i doskona\u0142y zag\u0119szczacz smaru w Q8 Ruysdael SG prowadz\u0105 do doskona\u0142ej no\u015bno\u015bci. Zastosowanie: Q8 Ruysdael SG to specjalny smar do [&hellip;]<\/p>\n","protected":false},"featured_media":1019,"template":"","meta":{"_acf_changed":false},"product_brand":[49],"product_cat":[30,31],"product_tag":[],"class_list":{"0":"post-1020","1":"product","2":"type-product","3":"status-publish","4":"has-post-thumbnail","6":"product_brand-kuwait-petroleum-belgium-n-v-s-a","7":"product_cat-produkty","8":"product_cat-smary","10":"first","11":"instock","12":"shipping-taxable","13":"purchasable","14":"product-type-simple"},"acf":[],"_links":{"self":[{"href":"https:\/\/syntaco.pl\/sklep\/wp-json\/wp\/v2\/product\/1020","targetHints":{"allow":["GET"]}}],"collection":[{"href":"https:\/\/syntaco.pl\/sklep\/wp-json\/wp\/v2\/product"}],"about":[{"href":"https:\/\/syntaco.pl\/sklep\/wp-json\/wp\/v2\/types\/product"}],"wp:featuredmedia":[{"embeddable":true,"href":"https:\/\/syntaco.pl\/sklep\/wp-json\/wp\/v2\/media\/1019"}],"wp:attachment":[{"href":"https:\/\/syntaco.pl\/sklep\/wp-json\/wp\/v2\/media?parent=1020"}],"wp:term":[{"taxonomy":"product_brand","embeddable":true,"href":"https:\/\/syntaco.pl\/sklep\/wp-json\/wp\/v2\/product_brand?post=1020"},{"taxonomy":"product_cat","embeddable":true,"href":"https:\/\/syntaco.pl\/sklep\/wp-json\/wp\/v2\/product_cat?post=1020"},{"taxonomy":"product_tag","embeddable":true,"href":"https:\/\/syntaco.pl\/sklep\/wp-json\/wp\/v2\/product_tag?post=1020"}],"curies":[{"name":"wp","href":"https:\/\/api.w.org\/{rel}","templated":true}]}}