{"id":1018,"date":"2025-12-19T10:20:13","date_gmt":"2025-12-19T09:20:13","guid":{"rendered":"https:\/\/syntaco.artneo.pl\/produkt\/q8-rubens-wb-b-400g\/"},"modified":"2026-03-28T08:32:14","modified_gmt":"2026-03-28T07:32:14","slug":"q8-rubens-wb-b-400g","status":"publish","type":"product","link":"https:\/\/syntaco.pl\/sklep\/produkt\/q8-rubens-wb-b-400g\/","title":{"rendered":"Q8 Rubens WB \/b &#8211; 400g"},"content":{"rendered":"<p>Q8 Rubens WB\/b jest smarem uniwersalnym, wytrzymuj\u0105cym ekstremalne ci\u015bnienie i charakteryzuj\u0105cym si\u0119 d\u0142ug\u0105 \u017cywotno\u015bci\u0105. Ma niebieski kolor, doskona\u0142\u0105 stabilno\u015b\u0107 obrotu i doskona\u0142e w\u0142a\u015bciwo\u015bci przeciwzu\u017cyciowe.<br \/>\nKorzy\u015bci:<br \/>\n\u2022\tWyd\u0142u\u017ca czas eksploatacji, a tym samym minimalizuje koszty i zwi\u0119ksza wydajno\u015b\u0107.<br \/>\n\u2022\tNiezwykle wysoki punkt kroplenia<br \/>\n\u2022\tWyj\u0105tkowa odporno\u015b\u0107 na korozj\u0119<br \/>\n\u2022\tIdealnie nadaje si\u0119 do zastosowa\u0144 w szerokim zakresie temperatur<br \/>\n\u2022\tOptymalna ochrona przed zu\u017cyciem<br \/>\nSpecyfikacje:<br \/>\nDIN 51502 KP2N-30 ISO 6743 L-XCCIB2<\/p>\n","protected":false},"excerpt":{"rendered":"<p>Q8 Rubens WB\/b jest smarem uniwersalnym, wytrzymuj\u0105cym ekstremalne ci\u015bnienie i charakteryzuj\u0105cym si\u0119 d\u0142ug\u0105 \u017cywotno\u015bci\u0105. Ma niebieski kolor, doskona\u0142\u0105 stabilno\u015b\u0107 obrotu i doskona\u0142e w\u0142a\u015bciwo\u015bci przeciwzu\u017cyciowe. Korzy\u015bci: \u2022 Wyd\u0142u\u017ca czas eksploatacji, a tym samym minimalizuje koszty i zwi\u0119ksza wydajno\u015b\u0107. \u2022 Niezwykle wysoki punkt kroplenia \u2022 Wyj\u0105tkowa odporno\u015b\u0107 na korozj\u0119 \u2022 Idealnie nadaje si\u0119 do zastosowa\u0144 w szerokim [&hellip;]<\/p>\n","protected":false},"featured_media":1017,"template":"","meta":{"_acf_changed":false},"product_brand":[49],"product_cat":[30,31],"product_tag":[],"class_list":{"0":"post-1018","1":"product","2":"type-product","3":"status-publish","4":"has-post-thumbnail","6":"product_brand-kuwait-petroleum-belgium-n-v-s-a","7":"product_cat-produkty","8":"product_cat-smary","10":"first","11":"instock","12":"shipping-taxable","13":"purchasable","14":"product-type-simple"},"acf":[],"_links":{"self":[{"href":"https:\/\/syntaco.pl\/sklep\/wp-json\/wp\/v2\/product\/1018","targetHints":{"allow":["GET"]}}],"collection":[{"href":"https:\/\/syntaco.pl\/sklep\/wp-json\/wp\/v2\/product"}],"about":[{"href":"https:\/\/syntaco.pl\/sklep\/wp-json\/wp\/v2\/types\/product"}],"wp:featuredmedia":[{"embeddable":true,"href":"https:\/\/syntaco.pl\/sklep\/wp-json\/wp\/v2\/media\/1017"}],"wp:attachment":[{"href":"https:\/\/syntaco.pl\/sklep\/wp-json\/wp\/v2\/media?parent=1018"}],"wp:term":[{"taxonomy":"product_brand","embeddable":true,"href":"https:\/\/syntaco.pl\/sklep\/wp-json\/wp\/v2\/product_brand?post=1018"},{"taxonomy":"product_cat","embeddable":true,"href":"https:\/\/syntaco.pl\/sklep\/wp-json\/wp\/v2\/product_cat?post=1018"},{"taxonomy":"product_tag","embeddable":true,"href":"https:\/\/syntaco.pl\/sklep\/wp-json\/wp\/v2\/product_tag?post=1018"}],"curies":[{"name":"wp","href":"https:\/\/api.w.org\/{rel}","templated":true}]}}