{"id":1016,"date":"2025-12-19T10:20:12","date_gmt":"2025-12-19T09:20:12","guid":{"rendered":"https:\/\/syntaco.artneo.pl\/produkt\/q8-rembrandt-moly-2-5kg\/"},"modified":"2026-04-15T09:42:56","modified_gmt":"2026-04-15T07:42:56","slug":"q8-rembrandt-moly-2-5kg","status":"publish","type":"product","link":"https:\/\/syntaco.pl\/sklep\/produkt\/q8-rembrandt-moly-2-5kg\/","title":{"rendered":"Q8 Rembrandt Moly 2 &#8211; 5kg"},"content":{"rendered":"<p>Q8 Rembrandt Moly 2 to zaawansowany smar, wytrzymuj\u0105cy ekstremalne ci\u015bnienie, kt\u00f3ry zawiera MoS2. Stanowi to dodatkow\u0105 ochron\u0119 przed zu\u017cyciem w warunkach du\u017cych obci\u0105\u017ce\u0144 wstrz\u0105sami, \u015blizgania i oscylacji.<br \/>\nKorzy\u015bci:<br \/>\n\u2022\tWyd\u0142u\u017cenie \u017cywotno\u015bci sprz\u0119tu, a tym samym skr\u00f3cenie czasu przestoju maszyn<br \/>\n\u2022\tWyj\u0105tkowa odporno\u015b\u0107 na trudne warunki<br \/>\n\u2022\tDoskona\u0142e zmniejszenie zu\u017cycia w warunkach smarowania brzegowego<br \/>\n\u2022\tWyj\u0105tkowe w\u0142a\u015bciwo\u015bci przylegania<br \/>\nSpecyfikacje:<br \/>\nDIN 51502 KPF2K-30 ISO 6743 L-XCCIB2<\/p>\n","protected":false},"excerpt":{"rendered":"<p>Q8 Rembrandt Moly 2 to zaawansowany smar, wytrzymuj\u0105cy ekstremalne ci\u015bnienie, kt\u00f3ry zawiera MoS2. Stanowi to dodatkow\u0105 ochron\u0119 przed zu\u017cyciem w warunkach du\u017cych obci\u0105\u017ce\u0144 wstrz\u0105sami, \u015blizgania i oscylacji. Korzy\u015bci: \u2022 Wyd\u0142u\u017cenie \u017cywotno\u015bci sprz\u0119tu, a tym samym skr\u00f3cenie czasu przestoju maszyn \u2022 Wyj\u0105tkowa odporno\u015b\u0107 na trudne warunki \u2022 Doskona\u0142e zmniejszenie zu\u017cycia w warunkach smarowania brzegowego \u2022 Wyj\u0105tkowe [&hellip;]<\/p>\n","protected":false},"featured_media":1015,"template":"","meta":{"_acf_changed":false},"product_brand":[49],"product_cat":[30,31],"product_tag":[],"class_list":{"0":"post-1016","1":"product","2":"type-product","3":"status-publish","4":"has-post-thumbnail","6":"product_brand-kuwait-petroleum-belgium-n-v-s-a","7":"product_cat-produkty","8":"product_cat-smary","10":"first","11":"instock","12":"shipping-taxable","13":"purchasable","14":"product-type-simple"},"acf":[],"_links":{"self":[{"href":"https:\/\/syntaco.pl\/sklep\/wp-json\/wp\/v2\/product\/1016","targetHints":{"allow":["GET"]}}],"collection":[{"href":"https:\/\/syntaco.pl\/sklep\/wp-json\/wp\/v2\/product"}],"about":[{"href":"https:\/\/syntaco.pl\/sklep\/wp-json\/wp\/v2\/types\/product"}],"wp:featuredmedia":[{"embeddable":true,"href":"https:\/\/syntaco.pl\/sklep\/wp-json\/wp\/v2\/media\/1015"}],"wp:attachment":[{"href":"https:\/\/syntaco.pl\/sklep\/wp-json\/wp\/v2\/media?parent=1016"}],"wp:term":[{"taxonomy":"product_brand","embeddable":true,"href":"https:\/\/syntaco.pl\/sklep\/wp-json\/wp\/v2\/product_brand?post=1016"},{"taxonomy":"product_cat","embeddable":true,"href":"https:\/\/syntaco.pl\/sklep\/wp-json\/wp\/v2\/product_cat?post=1016"},{"taxonomy":"product_tag","embeddable":true,"href":"https:\/\/syntaco.pl\/sklep\/wp-json\/wp\/v2\/product_tag?post=1016"}],"curies":[{"name":"wp","href":"https:\/\/api.w.org\/{rel}","templated":true}]}}