{"id":1006,"date":"2025-12-19T10:20:00","date_gmt":"2025-12-19T09:20:00","guid":{"rendered":"https:\/\/syntaco.artneo.pl\/produkt\/q8-ruysdael-wr-2-400g\/"},"modified":"2026-03-28T08:32:10","modified_gmt":"2026-03-28T07:32:10","slug":"q8-ruysdael-wr-2-400g","status":"publish","type":"product","link":"https:\/\/syntaco.pl\/sklep\/produkt\/q8-ruysdael-wr-2-400g\/","title":{"rendered":"Q8 Ruysdael WR 2 &#8211; 400g"},"content":{"rendered":"<p>Q8 Ruysdael WR 2 to wodoodporny smar wapniowy na bazie oleju mineralnego o bardzo wysokiej lepko\u015bci. Jego mechaniczna stabilno\u015b\u0107 zapewnia doskona\u0142\u0105 odporno\u015b\u0107 na zmi\u0119kczanie.<br \/>\nKorzy\u015bci:<br \/>\n\u2022 Wyd\u0142u\u017ca czas eksploatacji, a tym samym minimalizuje koszty i zwi\u0119ksza wydajno\u015b\u0107.<br \/>\n\u2022 Niezwykle odporny na wod\u0119<br \/>\n\u2022 Wyj\u0105tkowa ochrona przed wyp\u0142ukiwaniem wody<br \/>\n\u2022 Kr\u00f3tszy czas przestoju i lepsza wydajno\u015b\u0107 konserwacji<br \/>\n\u2022 Wyj\u0105tkowe w\u0142a\u015bciwo\u015bci przylegania<br \/>\nSpecyfikacje:<br \/>\nDIN 51502 KP2K-20 ISO 6743 L-XBCIB2<\/p>\n","protected":false},"excerpt":{"rendered":"<p>Q8 Ruysdael WR 2 to wodoodporny smar wapniowy na bazie oleju mineralnego o bardzo wysokiej lepko\u015bci. Jego mechaniczna stabilno\u015b\u0107 zapewnia doskona\u0142\u0105 odporno\u015b\u0107 na zmi\u0119kczanie. Korzy\u015bci: \u2022 Wyd\u0142u\u017ca czas eksploatacji, a tym samym minimalizuje koszty i zwi\u0119ksza wydajno\u015b\u0107. \u2022 Niezwykle odporny na wod\u0119 \u2022 Wyj\u0105tkowa ochrona przed wyp\u0142ukiwaniem wody \u2022 Kr\u00f3tszy czas przestoju i lepsza wydajno\u015b\u0107 [&hellip;]<\/p>\n","protected":false},"featured_media":1004,"template":"","meta":{"_acf_changed":false},"product_brand":[49],"product_cat":[30,31],"product_tag":[],"class_list":{"0":"post-1006","1":"product","2":"type-product","3":"status-publish","4":"has-post-thumbnail","6":"product_brand-kuwait-petroleum-belgium-n-v-s-a","7":"product_cat-produkty","8":"product_cat-smary","10":"first","11":"instock","12":"shipping-taxable","13":"purchasable","14":"product-type-simple"},"acf":[],"_links":{"self":[{"href":"https:\/\/syntaco.pl\/sklep\/wp-json\/wp\/v2\/product\/1006","targetHints":{"allow":["GET"]}}],"collection":[{"href":"https:\/\/syntaco.pl\/sklep\/wp-json\/wp\/v2\/product"}],"about":[{"href":"https:\/\/syntaco.pl\/sklep\/wp-json\/wp\/v2\/types\/product"}],"wp:featuredmedia":[{"embeddable":true,"href":"https:\/\/syntaco.pl\/sklep\/wp-json\/wp\/v2\/media\/1004"}],"wp:attachment":[{"href":"https:\/\/syntaco.pl\/sklep\/wp-json\/wp\/v2\/media?parent=1006"}],"wp:term":[{"taxonomy":"product_brand","embeddable":true,"href":"https:\/\/syntaco.pl\/sklep\/wp-json\/wp\/v2\/product_brand?post=1006"},{"taxonomy":"product_cat","embeddable":true,"href":"https:\/\/syntaco.pl\/sklep\/wp-json\/wp\/v2\/product_cat?post=1006"},{"taxonomy":"product_tag","embeddable":true,"href":"https:\/\/syntaco.pl\/sklep\/wp-json\/wp\/v2\/product_tag?post=1006"}],"curies":[{"name":"wp","href":"https:\/\/api.w.org\/{rel}","templated":true}]}}