{"id":1636,"date":"2026-01-12T10:08:29","date_gmt":"2026-01-12T09:08:29","guid":{"rendered":"https:\/\/syntaco.artneo.pl\/?page_id=1636"},"modified":"2026-01-12T10:08:54","modified_gmt":"2026-01-12T09:08:54","slug":"wysylka","status":"publish","type":"page","link":"https:\/\/syntaco.pl\/sklep\/wysylka\/","title":{"rendered":"Wysy\u0142ka"},"content":{"rendered":"<p>Zawsze jak najszybciej staramy si\u0119 dostarczy\u0107 zam\u00f3wiony przez klienta towar &#8211; zazwyczaj wysy\u0142ki realizujemy w ci\u0105gu 48h od momentu otrzymania p\u0142atno\u015bci.<\/p>\n<p>Poni\u017cej dost\u0119pne metody wysy\u0142ki\/odbioru:<\/p>\n<ol>\n<li>Odbi\u00f3r osobisty w punkcie: Syntaco, ul. Lutycka 11, 60-415 Pozna\u0144, od poniedzia\u0142ku do pi\u0105tku w godzinach 8.00 \u2013 16.00<\/li>\n<li>Pozosta\u0142e:<\/li>\n<\/ol>\n<table class=\"Table\" cellspacing=\"0\" align=\"center\">\n<tbody>\n<tr>\n<td colspan=\"3\"><strong>Paczkomat InPost Gabaryt A, B, C <\/strong><\/td>\n<\/tr>\n<tr>\n<td>waga do [kg]<\/td>\n<td>maksymalny wymiar paczki [cm]<br \/>\n(cm x cm x cm)<\/td>\n<td>Koszt dostawy (PLN)<\/td>\n<\/tr>\n<tr>\n<td>25<\/td>\n<td>8 \u00d7 38 \u00d7 64<\/td>\n<td>13,50 z\u0142<\/td>\n<\/tr>\n<tr>\n<td>25<\/td>\n<td>19 \u00d7 38 \u00d7 64<\/td>\n<td>15,50 z\u0142<\/td>\n<\/tr>\n<tr>\n<td>25<\/td>\n<td>41 \u00d7 38 \u00d7 64<\/td>\n<td>18,00 z\u0142<\/td>\n<\/tr>\n<tr>\n<td colspan=\"3\"><strong>Kurier InPost <\/strong><\/td>\n<\/tr>\n<tr>\n<td>waga do [kg]<\/td>\n<td>maksymalny wymiar paczki<br \/>\n(cm x cm x cm)<\/td>\n<td>Koszt dostawy (PLN)<\/td>\n<\/tr>\n<tr>\n<td>10<\/td>\n<td rowspan=\"3\">maksymalna suma wymiar\u00f3w 220cm<\/td>\n<td>18,50 z\u0142<\/td>\n<\/tr>\n<tr>\n<td>20<\/td>\n<td>21,00 z\u0142<\/td>\n<\/tr>\n<tr>\n<td>30<\/td>\n<td>23,50 z\u0142<\/td>\n<\/tr>\n<tr>\n<td colspan=\"3\"><strong>Kurier DPD <\/strong><\/td>\n<\/tr>\n<tr>\n<td>waga do [kg]<\/td>\n<td>maksymalny wymiar paczki<br \/>\n(cm x cm x cm)<\/td>\n<td>Koszt dostawy (PLN)<\/td>\n<\/tr>\n<tr>\n<td>5<\/td>\n<td rowspan=\"3\">maksymalna suma wymiar\u00f3w 300 cm<\/td>\n<td>22,00 z\u0142<\/td>\n<\/tr>\n<tr>\n<td>31,5<\/td>\n<td>25,50 z\u0142<\/td>\n<\/tr>\n<tr>\n<td>50<\/td>\n<td>79,00 z\u0142<\/td>\n<\/tr>\n<tr>\n<td colspan=\"3\"><strong>Geodis &#8211; gabaryt\/paleta<\/strong><\/td>\n<\/tr>\n<tr>\n<td>waga do [kg]<\/td>\n<td>maksymalny wymiar paczki<\/td>\n<td>Koszt dostawy (PLN)<\/td>\n<\/tr>\n<tr>\n<td>400<\/td>\n<td>80x60x100<\/td>\n<td>80,00 z\u0142<\/td>\n<\/tr>\n<tr>\n<td>800<\/td>\n<td>120x120x120<\/td>\n<td>200,00 z\u0142<\/td>\n<\/tr>\n<\/tbody>\n<\/table>\n","protected":false},"excerpt":{"rendered":"<p>Zawsze jak najszybciej staramy si\u0119 dostarczy\u0107 zam\u00f3wiony przez klienta towar &#8211; zazwyczaj wysy\u0142ki realizujemy w ci\u0105gu 48h od momentu otrzymania p\u0142atno\u015bci. Poni\u017cej dost\u0119pne metody wysy\u0142ki\/odbioru: Odbi\u00f3r osobisty w punkcie: Syntaco, ul. Lutycka 11, 60-415 Pozna\u0144, od poniedzia\u0142ku do pi\u0105tku w godzinach 8.00 \u2013 16.00 Pozosta\u0142e: Paczkomat InPost Gabaryt A, B, C waga do [kg] maksymalny [&hellip;]<\/p>\n","protected":false},"author":1,"featured_media":0,"parent":0,"menu_order":0,"comment_status":"closed","ping_status":"closed","template":"templates\/template-content.php","meta":{"_acf_changed":false,"footnotes":""},"class_list":["post-1636","page","type-page","status-publish","hentry"],"acf":[],"_links":{"self":[{"href":"https:\/\/syntaco.pl\/sklep\/wp-json\/wp\/v2\/pages\/1636","targetHints":{"allow":["GET"]}}],"collection":[{"href":"https:\/\/syntaco.pl\/sklep\/wp-json\/wp\/v2\/pages"}],"about":[{"href":"https:\/\/syntaco.pl\/sklep\/wp-json\/wp\/v2\/types\/page"}],"author":[{"embeddable":true,"href":"https:\/\/syntaco.pl\/sklep\/wp-json\/wp\/v2\/users\/1"}],"replies":[{"embeddable":true,"href":"https:\/\/syntaco.pl\/sklep\/wp-json\/wp\/v2\/comments?post=1636"}],"version-history":[{"count":4,"href":"https:\/\/syntaco.pl\/sklep\/wp-json\/wp\/v2\/pages\/1636\/revisions"}],"predecessor-version":[{"id":1640,"href":"https:\/\/syntaco.pl\/sklep\/wp-json\/wp\/v2\/pages\/1636\/revisions\/1640"}],"wp:attachment":[{"href":"https:\/\/syntaco.pl\/sklep\/wp-json\/wp\/v2\/media?parent=1636"}],"curies":[{"name":"wp","href":"https:\/\/api.w.org\/{rel}","templated":true}]}}