{"id":1634,"date":"2026-01-12T10:08:06","date_gmt":"2026-01-12T09:08:06","guid":{"rendered":"https:\/\/syntaco.artneo.pl\/?page_id=1634"},"modified":"2026-01-12T10:08:06","modified_gmt":"2026-01-12T09:08:06","slug":"platnosci","status":"publish","type":"page","link":"https:\/\/syntaco.pl\/sklep\/platnosci\/","title":{"rendered":"P\u0142atno\u015bci"},"content":{"rendered":"<p>Sklep internetowy Syntaco oferuje umo\u017cliwia poni\u017csze metody p\u0142atno\u015bci:<\/p>\n<ol>\n<li>Przedp\u0142ata na konto: 18 102 010 680 000 100 000 000\u00a0000, Obiorca: Syntaco sp. z o. o., ul. Lutycka 11, 60-145 Pozna\u0144.<\/li>\n<li>P\u0142atno\u015b\u0107 got\u00f3wk\u0105 przy odbiorze.<\/li>\n<li>P\u0142atno\u015b\u0107 mobilna: Przelewy24: przelewy automatyczne, Blik, PayPal.<\/li>\n<\/ol>\n<p>Klient zobowi\u0105zany jest do p\u0142atno\u015bci w terminie 1 dnia roboczego od zawarcia Umowy Sprzeda\u017cy.<\/p>\n","protected":false},"excerpt":{"rendered":"<p>Sklep internetowy Syntaco oferuje umo\u017cliwia poni\u017csze metody p\u0142atno\u015bci: Przedp\u0142ata na konto: 18 102 010 680 000 100 000 000\u00a0000, Obiorca: Syntaco sp. z o. o., ul. Lutycka 11, 60-145 Pozna\u0144. P\u0142atno\u015b\u0107 got\u00f3wk\u0105 przy odbiorze. P\u0142atno\u015b\u0107 mobilna: Przelewy24: przelewy automatyczne, Blik, PayPal. Klient zobowi\u0105zany jest do p\u0142atno\u015bci w terminie 1 dnia roboczego od zawarcia Umowy Sprzeda\u017cy.<\/p>\n","protected":false},"author":1,"featured_media":0,"parent":0,"menu_order":0,"comment_status":"closed","ping_status":"closed","template":"templates\/template-content.php","meta":{"_acf_changed":false,"footnotes":""},"class_list":["post-1634","page","type-page","status-publish","hentry"],"acf":[],"_links":{"self":[{"href":"https:\/\/syntaco.pl\/sklep\/wp-json\/wp\/v2\/pages\/1634","targetHints":{"allow":["GET"]}}],"collection":[{"href":"https:\/\/syntaco.pl\/sklep\/wp-json\/wp\/v2\/pages"}],"about":[{"href":"https:\/\/syntaco.pl\/sklep\/wp-json\/wp\/v2\/types\/page"}],"author":[{"embeddable":true,"href":"https:\/\/syntaco.pl\/sklep\/wp-json\/wp\/v2\/users\/1"}],"replies":[{"embeddable":true,"href":"https:\/\/syntaco.pl\/sklep\/wp-json\/wp\/v2\/comments?post=1634"}],"version-history":[{"count":1,"href":"https:\/\/syntaco.pl\/sklep\/wp-json\/wp\/v2\/pages\/1634\/revisions"}],"predecessor-version":[{"id":1635,"href":"https:\/\/syntaco.pl\/sklep\/wp-json\/wp\/v2\/pages\/1634\/revisions\/1635"}],"wp:attachment":[{"href":"https:\/\/syntaco.pl\/sklep\/wp-json\/wp\/v2\/media?parent=1634"}],"curies":[{"name":"wp","href":"https:\/\/api.w.org\/{rel}","templated":true}]}}