{"id":1626,"date":"2026-01-12T10:03:16","date_gmt":"2026-01-12T09:03:16","guid":{"rendered":"https:\/\/syntaco.artneo.pl\/?page_id=1626"},"modified":"2026-01-12T10:06:21","modified_gmt":"2026-01-12T09:06:21","slug":"prawo-do-odstapienia-od-umowy","status":"publish","type":"page","link":"https:\/\/syntaco.pl\/sklep\/prawo-do-odstapienia-od-umowy\/","title":{"rendered":"Prawo do odst\u0105pienia od umowy"},"content":{"rendered":"<p>Wz\u00f3r formularza odst\u0105pienia od umowy znajduje si\u0119 w poni\u017cszym pliku do pobrania.<\/p>\n","protected":false},"excerpt":{"rendered":"<p>Wz\u00f3r formularza odst\u0105pienia od umowy znajduje si\u0119 w poni\u017cszym pliku do pobrania.<\/p>\n","protected":false},"author":1,"featured_media":0,"parent":0,"menu_order":0,"comment_status":"closed","ping_status":"closed","template":"templates\/template-content.php","meta":{"_acf_changed":false,"footnotes":""},"class_list":["post-1626","page","type-page","status-publish","hentry"],"acf":[],"_links":{"self":[{"href":"https:\/\/syntaco.pl\/sklep\/wp-json\/wp\/v2\/pages\/1626","targetHints":{"allow":["GET"]}}],"collection":[{"href":"https:\/\/syntaco.pl\/sklep\/wp-json\/wp\/v2\/pages"}],"about":[{"href":"https:\/\/syntaco.pl\/sklep\/wp-json\/wp\/v2\/types\/page"}],"author":[{"embeddable":true,"href":"https:\/\/syntaco.pl\/sklep\/wp-json\/wp\/v2\/users\/1"}],"replies":[{"embeddable":true,"href":"https:\/\/syntaco.pl\/sklep\/wp-json\/wp\/v2\/comments?post=1626"}],"version-history":[{"count":3,"href":"https:\/\/syntaco.pl\/sklep\/wp-json\/wp\/v2\/pages\/1626\/revisions"}],"predecessor-version":[{"id":1633,"href":"https:\/\/syntaco.pl\/sklep\/wp-json\/wp\/v2\/pages\/1626\/revisions\/1633"}],"wp:attachment":[{"href":"https:\/\/syntaco.pl\/sklep\/wp-json\/wp\/v2\/media?parent=1626"}],"curies":[{"name":"wp","href":"https:\/\/api.w.org\/{rel}","templated":true}]}}